{"id":9,"date":"2025-07-28T12:30:39","date_gmt":"2025-07-28T09:30:39","guid":{"rendered":"https:\/\/cagelektronik.cemilyurumez.com\/?page_id=9"},"modified":"2025-07-28T13:19:50","modified_gmt":"2025-07-28T10:19:50","slug":"iletisim","status":"publish","type":"page","link":"https:\/\/cagelektronik.cemilyurumez.com\/?page_id=9","title":{"rendered":"\u0130leti\u015fim"},"content":{"rendered":"\n<p class=\"has-text-align-left has-mono-2-color has-text-color has-superbfont-small-font-size\">Adres:  XXXXXXXXXX <br>Ak\u015fehir \/ KONYA<\/p>\n\n\n\n<p class=\"has-text-align-left has-mono-2-color has-text-color has-superbfont-small-font-size\">Telefon: <a href=\"tel:05337355194\">0(533) 735 5194<\/a><\/p>\n\n\n\n<iframe src=\"https:\/\/www.google.com\/maps\/embed?pb=!1m18!1m12!1m3!1d3128.57484680763!2d31.409501075821616!3d38.35882127830277!2m3!1f0!2f0!3f0!3m2!1i1024!2i768!4f13.1!3m3!1m2!1s0x14cfe8463d15df7b%3A0x6fdbcfafb767e6ec!2sAksoy%20Dondurma!5e0!3m2!1str!2str!4v1753695866646!5m2!1str!2str\" width=\"100%\" height=\"450\" style=\"border:0;\" allowfullscreen=\"\" loading=\"lazy\" referrerpolicy=\"no-referrer-when-downgrade\"><\/iframe>\n\n\n\n<p><\/p>\n","protected":false},"excerpt":{"rendered":"<p>Adres: XXXXXXXXXX Ak\u015fehir \/ KONYA Telefon: 0(533) 735 5194<\/p>\n","protected":false},"author":1,"featured_media":0,"parent":0,"menu_order":0,"comment_status":"closed","ping_status":"closed","template":"","meta":{"saved_in_kubio":false,"footnotes":""},"class_list":["post-9","page","type-page","status-publish","hentry"],"kubio_ai_page_context":{"short_desc":"","purpose":"general"},"yoast_head":"<!-- This site is optimized with the Yoast SEO plugin v25.6 - https:\/\/yoast.com\/wordpress\/plugins\/seo\/ -->\n<title>\u0130leti\u015fim - \u00c7A\u011e ELEKTRON\u0130K<\/title>\n<meta name=\"robots\" content=\"noindex, follow, max-snippet:-1, max-image-preview:large, max-video-preview:-1\" \/>\n<meta property=\"og:locale\" content=\"tr_TR\" \/>\n<meta property=\"og:type\" content=\"article\" \/>\n<meta property=\"og:title\" content=\"\u0130leti\u015fim - \u00c7A\u011e ELEKTRON\u0130K\" \/>\n<meta property=\"og:description\" content=\"Adres: XXXXXXXXXX Ak\u015fehir \/ KONYA Telefon: 0(533) 735 5194\" \/>\n<meta property=\"og:url\" content=\"https:\/\/cagelektronik.cemilyurumez.com\/?page_id=9\" \/>\n<meta property=\"og:site_name\" content=\"\u00c7A\u011e ELEKTRON\u0130K\" \/>\n<meta property=\"article:modified_time\" content=\"2025-07-28T10:19:50+00:00\" \/>\n<meta name=\"twitter:card\" content=\"summary_large_image\" \/>\n<script type=\"application\/ld+json\" class=\"yoast-schema-graph\">{\"@context\":\"https:\/\/schema.org\",\"@graph\":[{\"@type\":\"WebPage\",\"@id\":\"https:\/\/cagelektronik.cemilyurumez.com\/?page_id=9\",\"url\":\"https:\/\/cagelektronik.cemilyurumez.com\/?page_id=9\",\"name\":\"\u0130leti\u015fim - \u00c7A\u011e ELEKTRON\u0130K\",\"isPartOf\":{\"@id\":\"https:\/\/cagelektronik.cemilyurumez.com\/#website\"},\"datePublished\":\"2025-07-28T09:30:39+00:00\",\"dateModified\":\"2025-07-28T10:19:50+00:00\",\"breadcrumb\":{\"@id\":\"https:\/\/cagelektronik.cemilyurumez.com\/?page_id=9#breadcrumb\"},\"inLanguage\":\"tr\",\"potentialAction\":[{\"@type\":\"ReadAction\",\"target\":[\"https:\/\/cagelektronik.cemilyurumez.com\/?page_id=9\"]}]},{\"@type\":\"BreadcrumbList\",\"@id\":\"https:\/\/cagelektronik.cemilyurumez.com\/?page_id=9#breadcrumb\",\"itemListElement\":[{\"@type\":\"ListItem\",\"position\":1,\"name\":\"Anasayfa\",\"item\":\"https:\/\/cagelektronik.cemilyurumez.com\/\"},{\"@type\":\"ListItem\",\"position\":2,\"name\":\"\u0130leti\u015fim\"}]},{\"@type\":\"WebSite\",\"@id\":\"https:\/\/cagelektronik.cemilyurumez.com\/#website\",\"url\":\"https:\/\/cagelektronik.cemilyurumez.com\/\",\"name\":\"\u00c7A\u011e ELEKTRON\u0130K\",\"description\":\"\",\"potentialAction\":[{\"@type\":\"SearchAction\",\"target\":{\"@type\":\"EntryPoint\",\"urlTemplate\":\"https:\/\/cagelektronik.cemilyurumez.com\/?s={search_term_string}\"},\"query-input\":{\"@type\":\"PropertyValueSpecification\",\"valueRequired\":true,\"valueName\":\"search_term_string\"}}],\"inLanguage\":\"tr\"}]}<\/script>\n<!-- \/ Yoast SEO plugin. -->","yoast_head_json":{"title":"\u0130leti\u015fim - \u00c7A\u011e ELEKTRON\u0130K","robots":{"index":"noindex","follow":"follow","max-snippet":"max-snippet:-1","max-image-preview":"max-image-preview:large","max-video-preview":"max-video-preview:-1"},"og_locale":"tr_TR","og_type":"article","og_title":"\u0130leti\u015fim - \u00c7A\u011e ELEKTRON\u0130K","og_description":"Adres: XXXXXXXXXX Ak\u015fehir \/ KONYA Telefon: 0(533) 735 5194","og_url":"https:\/\/cagelektronik.cemilyurumez.com\/?page_id=9","og_site_name":"\u00c7A\u011e ELEKTRON\u0130K","article_modified_time":"2025-07-28T10:19:50+00:00","twitter_card":"summary_large_image","schema":{"@context":"https:\/\/schema.org","@graph":[{"@type":"WebPage","@id":"https:\/\/cagelektronik.cemilyurumez.com\/?page_id=9","url":"https:\/\/cagelektronik.cemilyurumez.com\/?page_id=9","name":"\u0130leti\u015fim - \u00c7A\u011e ELEKTRON\u0130K","isPartOf":{"@id":"https:\/\/cagelektronik.cemilyurumez.com\/#website"},"datePublished":"2025-07-28T09:30:39+00:00","dateModified":"2025-07-28T10:19:50+00:00","breadcrumb":{"@id":"https:\/\/cagelektronik.cemilyurumez.com\/?page_id=9#breadcrumb"},"inLanguage":"tr","potentialAction":[{"@type":"ReadAction","target":["https:\/\/cagelektronik.cemilyurumez.com\/?page_id=9"]}]},{"@type":"BreadcrumbList","@id":"https:\/\/cagelektronik.cemilyurumez.com\/?page_id=9#breadcrumb","itemListElement":[{"@type":"ListItem","position":1,"name":"Anasayfa","item":"https:\/\/cagelektronik.cemilyurumez.com\/"},{"@type":"ListItem","position":2,"name":"\u0130leti\u015fim"}]},{"@type":"WebSite","@id":"https:\/\/cagelektronik.cemilyurumez.com\/#website","url":"https:\/\/cagelektronik.cemilyurumez.com\/","name":"\u00c7A\u011e ELEKTRON\u0130K","description":"","potentialAction":[{"@type":"SearchAction","target":{"@type":"EntryPoint","urlTemplate":"https:\/\/cagelektronik.cemilyurumez.com\/?s={search_term_string}"},"query-input":{"@type":"PropertyValueSpecification","valueRequired":true,"valueName":"search_term_string"}}],"inLanguage":"tr"}]}},"_links":{"self":[{"href":"https:\/\/cagelektronik.cemilyurumez.com\/index.php?rest_route=\/wp\/v2\/pages\/9","targetHints":{"allow":["GET"]}}],"collection":[{"href":"https:\/\/cagelektronik.cemilyurumez.com\/index.php?rest_route=\/wp\/v2\/pages"}],"about":[{"href":"https:\/\/cagelektronik.cemilyurumez.com\/index.php?rest_route=\/wp\/v2\/types\/page"}],"author":[{"embeddable":true,"href":"https:\/\/cagelektronik.cemilyurumez.com\/index.php?rest_route=\/wp\/v2\/users\/1"}],"replies":[{"embeddable":true,"href":"https:\/\/cagelektronik.cemilyurumez.com\/index.php?rest_route=%2Fwp%2Fv2%2Fcomments&post=9"}],"version-history":[{"count":6,"href":"https:\/\/cagelektronik.cemilyurumez.com\/index.php?rest_route=\/wp\/v2\/pages\/9\/revisions"}],"predecessor-version":[{"id":18,"href":"https:\/\/cagelektronik.cemilyurumez.com\/index.php?rest_route=\/wp\/v2\/pages\/9\/revisions\/18"}],"wp:attachment":[{"href":"https:\/\/cagelektronik.cemilyurumez.com\/index.php?rest_route=%2Fwp%2Fv2%2Fmedia&parent=9"}],"curies":[{"name":"wp","href":"https:\/\/api.w.org\/{rel}","templated":true}]}}